{"id":4346,"date":"2022-03-29T15:41:13","date_gmt":"2022-03-29T13:41:13","guid":{"rendered":"https:\/\/tartufidamar.rs\/?post_type=product&#038;p=4346"},"modified":"2022-05-10T20:00:33","modified_gmt":"2022-05-10T18:00:33","slug":"morska-so-sa-belim-tartufima","status":"publish","type":"product","link":"https:\/\/tartufidamar.rs\/en\/morska-so-sa-belim-tartufima\/","title":{"rendered":"Sea salt with white truffles"},"content":{"rendered":"","protected":false},"excerpt":{"rendered":"<p>Enrich your dish with the taste of truffles with just one teaspoon of salt. It is ideal as an addition to meat dishes, fish or desserts.<br \/>\n<strong>Ingredients:<\/strong> Sea salt 97%, white truffle (tuber magnatum pico) 3%, aroma.<br \/>\nKeep in dark and dry place.<br \/>\nIntended for direct consumption.<br><\/p>","protected":false},"featured_media":4489,"template":"","meta":[],"product_cat":[37],"product_tag":[],"class_list":{"0":"post-4346","1":"product","2":"type-product","3":"status-publish","4":"has-post-thumbnail","6":"product_cat-damar-tartufi","8":"first","9":"instock","10":"shipping-taxable","11":"purchasable","12":"product-type-variable"},"yoast_head":"<!-- This site is optimized with the Yoast SEO plugin v23.9 - https:\/\/yoast.com\/wordpress\/plugins\/seo\/ -->\n<title>Morska so sa belim tartufima - Idealan dodatak jelima<\/title>\n<meta name=\"description\" content=\"Obogatite va\u0161e jelo ukusom tartufa samo jednom ka\u0161i\u010dicom soli. Idealan je kao dodatak jelima od mesa, ribe ili poslasticama.\" \/>\n<meta name=\"robots\" content=\"index, follow, max-snippet:-1, max-image-preview:large, max-video-preview:-1\" \/>\n<link rel=\"canonical\" href=\"https:\/\/tartufidamar.rs\/en\/morska-so-sa-belim-tartufima\/\" \/>\n<meta property=\"og:locale\" content=\"en_GB\" \/>\n<meta property=\"og:type\" content=\"article\" \/>\n<meta property=\"og:title\" content=\"Morska so sa belim tartufima - Idealan dodatak jelima\" \/>\n<meta property=\"og:description\" content=\"Obogatite va\u0161e jelo ukusom tartufa samo jednom ka\u0161i\u010dicom soli. Idealan je kao dodatak jelima od mesa, ribe ili poslasticama.\" \/>\n<meta property=\"og:url\" content=\"https:\/\/tartufidamar.rs\/en\/morska-so-sa-belim-tartufima\/\" \/>\n<meta property=\"og:site_name\" content=\"Damar Tartufi\" \/>\n<meta property=\"article:modified_time\" content=\"2022-05-10T18:00:33+00:00\" \/>\n<meta property=\"og:image\" content=\"https:\/\/tartufidamar.rs\/wp-content\/uploads\/2022\/05\/LOGO-YOAST.jpg\" \/>\n\t<meta property=\"og:image:width\" content=\"200\" \/>\n\t<meta property=\"og:image:height\" content=\"200\" \/>\n\t<meta property=\"og:image:type\" content=\"image\/jpeg\" \/>\n<meta name=\"twitter:card\" content=\"summary_large_image\" \/>\n<meta name=\"twitter:image\" content=\"https:\/\/tartufidamar.rs\/wp-content\/uploads\/2022\/05\/LOGO-YOAST.jpg\" \/>\n<script type=\"application\/ld+json\" class=\"yoast-schema-graph\">{\"@context\":\"https:\/\/schema.org\",\"@graph\":[{\"@type\":\"WebPage\",\"@id\":\"https:\/\/tartufidamar.rs\/morska-so-sa-belim-tartufima\/\",\"url\":\"https:\/\/tartufidamar.rs\/morska-so-sa-belim-tartufima\/\",\"name\":\"Morska so sa belim tartufima - Idealan dodatak jelima\",\"isPartOf\":{\"@id\":\"https:\/\/tartufidamar.rs\/#website\"},\"primaryImageOfPage\":{\"@id\":\"https:\/\/tartufidamar.rs\/morska-so-sa-belim-tartufima\/#primaryimage\"},\"image\":{\"@id\":\"https:\/\/tartufidamar.rs\/morska-so-sa-belim-tartufima\/#primaryimage\"},\"thumbnailUrl\":\"https:\/\/tartufidamar.rs\/wp-content\/uploads\/2022\/03\/Morska-so-sa-belim-tartufima-1.webp\",\"datePublished\":\"2022-03-29T13:41:13+00:00\",\"dateModified\":\"2022-05-10T18:00:33+00:00\",\"description\":\"Obogatite va\u0161e jelo ukusom tartufa samo jednom ka\u0161i\u010dicom soli. Idealan je kao dodatak jelima od mesa, ribe ili poslasticama.\",\"breadcrumb\":{\"@id\":\"https:\/\/tartufidamar.rs\/morska-so-sa-belim-tartufima\/#breadcrumb\"},\"inLanguage\":\"en-GB\",\"potentialAction\":[{\"@type\":\"ReadAction\",\"target\":[\"https:\/\/tartufidamar.rs\/morska-so-sa-belim-tartufima\/\"]}]},{\"@type\":\"ImageObject\",\"inLanguage\":\"en-GB\",\"@id\":\"https:\/\/tartufidamar.rs\/morska-so-sa-belim-tartufima\/#primaryimage\",\"url\":\"https:\/\/tartufidamar.rs\/wp-content\/uploads\/2022\/03\/Morska-so-sa-belim-tartufima-1.webp\",\"contentUrl\":\"https:\/\/tartufidamar.rs\/wp-content\/uploads\/2022\/03\/Morska-so-sa-belim-tartufima-1.webp\",\"width\":900,\"height\":900},{\"@type\":\"BreadcrumbList\",\"@id\":\"https:\/\/tartufidamar.rs\/morska-so-sa-belim-tartufima\/#breadcrumb\",\"itemListElement\":[{\"@type\":\"ListItem\",\"position\":1,\"name\":\"Po\u010detna\",\"item\":\"https:\/\/tartufidamar.rs\/\"},{\"@type\":\"ListItem\",\"position\":2,\"name\":\"\u041f\u0440\u043e\u0434\u0430\u0432\u043d\u0438\u0446\u0430\",\"item\":\"https:\/\/tartufidamar.rs\/prodavnica\/\"},{\"@type\":\"ListItem\",\"position\":3,\"name\":\"Morska so sa belim tartufima\"}]},{\"@type\":\"WebSite\",\"@id\":\"https:\/\/tartufidamar.rs\/#website\",\"url\":\"https:\/\/tartufidamar.rs\/\",\"name\":\"Damar Tartufi\",\"description\":\"Damar Truffles\",\"potentialAction\":[{\"@type\":\"SearchAction\",\"target\":{\"@type\":\"EntryPoint\",\"urlTemplate\":\"https:\/\/tartufidamar.rs\/?s={search_term_string}\"},\"query-input\":{\"@type\":\"PropertyValueSpecification\",\"valueRequired\":true,\"valueName\":\"search_term_string\"}}],\"inLanguage\":\"en-GB\"}]}<\/script>\n<!-- \/ Yoast SEO plugin. -->","yoast_head_json":{"title":"Morska so sa belim tartufima - Idealan dodatak jelima","description":"Obogatite va\u0161e jelo ukusom tartufa samo jednom ka\u0161i\u010dicom soli. Idealan je kao dodatak jelima od mesa, ribe ili poslasticama.","robots":{"index":"index","follow":"follow","max-snippet":"max-snippet:-1","max-image-preview":"max-image-preview:large","max-video-preview":"max-video-preview:-1"},"canonical":"https:\/\/tartufidamar.rs\/en\/morska-so-sa-belim-tartufima\/","og_locale":"en_GB","og_type":"article","og_title":"Morska so sa belim tartufima - Idealan dodatak jelima","og_description":"Obogatite va\u0161e jelo ukusom tartufa samo jednom ka\u0161i\u010dicom soli. Idealan je kao dodatak jelima od mesa, ribe ili poslasticama.","og_url":"https:\/\/tartufidamar.rs\/en\/morska-so-sa-belim-tartufima\/","og_site_name":"Damar Tartufi","article_modified_time":"2022-05-10T18:00:33+00:00","og_image":[{"width":200,"height":200,"url":"https:\/\/tartufidamar.rs\/wp-content\/uploads\/2022\/05\/LOGO-YOAST.jpg","type":"image\/jpeg"}],"twitter_card":"summary_large_image","twitter_image":"https:\/\/tartufidamar.rs\/wp-content\/uploads\/2022\/05\/LOGO-YOAST.jpg","schema":{"@context":"https:\/\/schema.org","@graph":[{"@type":"WebPage","@id":"https:\/\/tartufidamar.rs\/morska-so-sa-belim-tartufima\/","url":"https:\/\/tartufidamar.rs\/morska-so-sa-belim-tartufima\/","name":"Morska so sa belim tartufima - Idealan dodatak jelima","isPartOf":{"@id":"https:\/\/tartufidamar.rs\/#website"},"primaryImageOfPage":{"@id":"https:\/\/tartufidamar.rs\/morska-so-sa-belim-tartufima\/#primaryimage"},"image":{"@id":"https:\/\/tartufidamar.rs\/morska-so-sa-belim-tartufima\/#primaryimage"},"thumbnailUrl":"https:\/\/tartufidamar.rs\/wp-content\/uploads\/2022\/03\/Morska-so-sa-belim-tartufima-1.webp","datePublished":"2022-03-29T13:41:13+00:00","dateModified":"2022-05-10T18:00:33+00:00","description":"Obogatite va\u0161e jelo ukusom tartufa samo jednom ka\u0161i\u010dicom soli. Idealan je kao dodatak jelima od mesa, ribe ili poslasticama.","breadcrumb":{"@id":"https:\/\/tartufidamar.rs\/morska-so-sa-belim-tartufima\/#breadcrumb"},"inLanguage":"en-GB","potentialAction":[{"@type":"ReadAction","target":["https:\/\/tartufidamar.rs\/morska-so-sa-belim-tartufima\/"]}]},{"@type":"ImageObject","inLanguage":"en-GB","@id":"https:\/\/tartufidamar.rs\/morska-so-sa-belim-tartufima\/#primaryimage","url":"https:\/\/tartufidamar.rs\/wp-content\/uploads\/2022\/03\/Morska-so-sa-belim-tartufima-1.webp","contentUrl":"https:\/\/tartufidamar.rs\/wp-content\/uploads\/2022\/03\/Morska-so-sa-belim-tartufima-1.webp","width":900,"height":900},{"@type":"BreadcrumbList","@id":"https:\/\/tartufidamar.rs\/morska-so-sa-belim-tartufima\/#breadcrumb","itemListElement":[{"@type":"ListItem","position":1,"name":"Po\u010detna","item":"https:\/\/tartufidamar.rs\/"},{"@type":"ListItem","position":2,"name":"\u041f\u0440\u043e\u0434\u0430\u0432\u043d\u0438\u0446\u0430","item":"https:\/\/tartufidamar.rs\/prodavnica\/"},{"@type":"ListItem","position":3,"name":"Morska so sa belim tartufima"}]},{"@type":"WebSite","@id":"https:\/\/tartufidamar.rs\/#website","url":"https:\/\/tartufidamar.rs\/","name":"Damar Tartufi","description":"Damar Truffles","potentialAction":[{"@type":"SearchAction","target":{"@type":"EntryPoint","urlTemplate":"https:\/\/tartufidamar.rs\/?s={search_term_string}"},"query-input":{"@type":"PropertyValueSpecification","valueRequired":true,"valueName":"search_term_string"}}],"inLanguage":"en-GB"}]}},"_links":{"self":[{"href":"https:\/\/tartufidamar.rs\/en\/wp-json\/wp\/v2\/product\/4346","targetHints":{"allow":["GET"]}}],"collection":[{"href":"https:\/\/tartufidamar.rs\/en\/wp-json\/wp\/v2\/product"}],"about":[{"href":"https:\/\/tartufidamar.rs\/en\/wp-json\/wp\/v2\/types\/product"}],"wp:featuredmedia":[{"embeddable":true,"href":"https:\/\/tartufidamar.rs\/en\/wp-json\/wp\/v2\/media\/4489"}],"wp:attachment":[{"href":"https:\/\/tartufidamar.rs\/en\/wp-json\/wp\/v2\/media?parent=4346"}],"wp:term":[{"taxonomy":"product_cat","embeddable":true,"href":"https:\/\/tartufidamar.rs\/en\/wp-json\/wp\/v2\/product_cat?post=4346"},{"taxonomy":"product_tag","embeddable":true,"href":"https:\/\/tartufidamar.rs\/en\/wp-json\/wp\/v2\/product_tag?post=4346"}],"curies":[{"name":"wp","href":"https:\/\/api.w.org\/{rel}","templated":true}]}}