{"id":4093,"date":"2021-11-30T16:20:00","date_gmt":"2021-11-30T15:20:00","guid":{"rendered":"https:\/\/tartufidamar.rs\/?post_type=product&#038;p=4093"},"modified":"2024-11-29T14:58:33","modified_gmt":"2024-11-29T13:58:33","slug":"praline-sa-tartufima","status":"publish","type":"product","link":"https:\/\/tartufidamar.rs\/en\/praline-sa-tartufima\/","title":{"rendered":"Pralines with truffles"},"content":{"rendered":"","protected":false},"excerpt":{"rendered":"<p><span style=\"font-weight: 400;\">Six pralines, three different flavors, elegant packaging. Perfection.\u00a0<\/span><\/p>\n<p><strong>Ingredients:<\/strong> sugar, vegetable fats (palm, sunflower, rapeseed), whole milk powder,\ncocoa butter, cocoa mass, skimmed milk powder, lactose, dried black truffles ( Tuber\naestivum Vitt.) 1%, emulsifier soya lecithin, flavouringss.<br \/>\nMilk chocolate contains: Cocoa solids: 33% min.<br \/>\nWhite chocolate contains: Cocoa solids: 28% min.<br \/>\nDark chocolate contains: Cocoa solids: 70%<br \/>\nThe product may contain traces of nuts.<br \/>\n<strong>Keep in dark and dry place at 15-20\u00b0C.<\/strong><\/p>","protected":false},"featured_media":4494,"template":"","meta":[],"product_cat":[37],"product_tag":[],"class_list":{"0":"post-4093","1":"product","2":"type-product","3":"status-publish","4":"has-post-thumbnail","6":"product_cat-damar-tartufi","8":"first","9":"instock","10":"shipping-taxable","11":"purchasable","12":"product-type-simple"},"yoast_head":"<!-- This site is optimized with the Yoast SEO plugin v23.9 - https:\/\/yoast.com\/wordpress\/plugins\/seo\/ -->\n<title>Praline sa tartufima - Tri razli\u010dita ukusa, elegantno pakovanje<\/title>\n<meta name=\"description\" content=\"Praline sa tartufima - Tri razli\u010dita ukusa, elegantno pakovanje . Savr\u0161enstvo i bogatstvo ukusa .\" \/>\n<meta name=\"robots\" content=\"index, follow, max-snippet:-1, max-image-preview:large, max-video-preview:-1\" \/>\n<link rel=\"canonical\" href=\"https:\/\/tartufidamar.rs\/en\/praline-sa-tartufima\/\" \/>\n<meta property=\"og:locale\" content=\"en_GB\" \/>\n<meta property=\"og:type\" content=\"article\" \/>\n<meta property=\"og:title\" content=\"Praline sa tartufima - Tri razli\u010dita ukusa, elegantno pakovanje\" \/>\n<meta property=\"og:description\" content=\"Praline sa tartufima - Tri razli\u010dita ukusa, elegantno pakovanje . Savr\u0161enstvo i bogatstvo ukusa .\" \/>\n<meta property=\"og:url\" content=\"https:\/\/tartufidamar.rs\/en\/praline-sa-tartufima\/\" \/>\n<meta property=\"og:site_name\" content=\"Damar Tartufi\" \/>\n<meta property=\"article:modified_time\" content=\"2024-11-29T13:58:33+00:00\" \/>\n<meta property=\"og:image\" content=\"https:\/\/tartufidamar.rs\/wp-content\/uploads\/2022\/05\/LOGO-YOAST.jpg\" \/>\n\t<meta property=\"og:image:width\" content=\"200\" \/>\n\t<meta property=\"og:image:height\" content=\"200\" \/>\n\t<meta property=\"og:image:type\" content=\"image\/jpeg\" \/>\n<meta name=\"twitter:card\" content=\"summary_large_image\" \/>\n<meta name=\"twitter:image\" content=\"https:\/\/tartufidamar.rs\/wp-content\/uploads\/2022\/05\/LOGO-YOAST.jpg\" \/>\n<meta name=\"twitter:label1\" content=\"Estimated reading time\" \/>\n\t<meta name=\"twitter:data1\" content=\"1 minute\" \/>\n<script type=\"application\/ld+json\" class=\"yoast-schema-graph\">{\"@context\":\"https:\/\/schema.org\",\"@graph\":[{\"@type\":\"WebPage\",\"@id\":\"https:\/\/tartufidamar.rs\/praline-sa-tartufima\/\",\"url\":\"https:\/\/tartufidamar.rs\/praline-sa-tartufima\/\",\"name\":\"Praline sa tartufima - Tri razli\u010dita ukusa, elegantno pakovanje\",\"isPartOf\":{\"@id\":\"https:\/\/tartufidamar.rs\/#website\"},\"primaryImageOfPage\":{\"@id\":\"https:\/\/tartufidamar.rs\/praline-sa-tartufima\/#primaryimage\"},\"image\":{\"@id\":\"https:\/\/tartufidamar.rs\/praline-sa-tartufima\/#primaryimage\"},\"thumbnailUrl\":\"https:\/\/tartufidamar.rs\/wp-content\/uploads\/2021\/11\/Praline-sa-tartufima.webp\",\"datePublished\":\"2021-11-30T15:20:00+00:00\",\"dateModified\":\"2024-11-29T13:58:33+00:00\",\"description\":\"Praline sa tartufima - Tri razli\u010dita ukusa, elegantno pakovanje . Savr\u0161enstvo i bogatstvo ukusa .\",\"breadcrumb\":{\"@id\":\"https:\/\/tartufidamar.rs\/praline-sa-tartufima\/#breadcrumb\"},\"inLanguage\":\"en-GB\",\"potentialAction\":[{\"@type\":\"ReadAction\",\"target\":[\"https:\/\/tartufidamar.rs\/praline-sa-tartufima\/\"]}]},{\"@type\":\"ImageObject\",\"inLanguage\":\"en-GB\",\"@id\":\"https:\/\/tartufidamar.rs\/praline-sa-tartufima\/#primaryimage\",\"url\":\"https:\/\/tartufidamar.rs\/wp-content\/uploads\/2021\/11\/Praline-sa-tartufima.webp\",\"contentUrl\":\"https:\/\/tartufidamar.rs\/wp-content\/uploads\/2021\/11\/Praline-sa-tartufima.webp\",\"width\":900,\"height\":900},{\"@type\":\"BreadcrumbList\",\"@id\":\"https:\/\/tartufidamar.rs\/praline-sa-tartufima\/#breadcrumb\",\"itemListElement\":[{\"@type\":\"ListItem\",\"position\":1,\"name\":\"Po\u010detna\",\"item\":\"https:\/\/tartufidamar.rs\/\"},{\"@type\":\"ListItem\",\"position\":2,\"name\":\"\u041f\u0440\u043e\u0434\u0430\u0432\u043d\u0438\u0446\u0430\",\"item\":\"https:\/\/tartufidamar.rs\/prodavnica\/\"},{\"@type\":\"ListItem\",\"position\":3,\"name\":\"Praline sa tartufima\"}]},{\"@type\":\"WebSite\",\"@id\":\"https:\/\/tartufidamar.rs\/#website\",\"url\":\"https:\/\/tartufidamar.rs\/\",\"name\":\"Damar Tartufi\",\"description\":\"Damar Truffles\",\"potentialAction\":[{\"@type\":\"SearchAction\",\"target\":{\"@type\":\"EntryPoint\",\"urlTemplate\":\"https:\/\/tartufidamar.rs\/?s={search_term_string}\"},\"query-input\":{\"@type\":\"PropertyValueSpecification\",\"valueRequired\":true,\"valueName\":\"search_term_string\"}}],\"inLanguage\":\"en-GB\"}]}<\/script>\n<!-- \/ Yoast SEO plugin. -->","yoast_head_json":{"title":"Praline sa tartufima - Tri razli\u010dita ukusa, elegantno pakovanje","description":"Praline sa tartufima - Tri razli\u010dita ukusa, elegantno pakovanje . Savr\u0161enstvo i bogatstvo ukusa .","robots":{"index":"index","follow":"follow","max-snippet":"max-snippet:-1","max-image-preview":"max-image-preview:large","max-video-preview":"max-video-preview:-1"},"canonical":"https:\/\/tartufidamar.rs\/en\/praline-sa-tartufima\/","og_locale":"en_GB","og_type":"article","og_title":"Praline sa tartufima - Tri razli\u010dita ukusa, elegantno pakovanje","og_description":"Praline sa tartufima - Tri razli\u010dita ukusa, elegantno pakovanje . Savr\u0161enstvo i bogatstvo ukusa .","og_url":"https:\/\/tartufidamar.rs\/en\/praline-sa-tartufima\/","og_site_name":"Damar Tartufi","article_modified_time":"2024-11-29T13:58:33+00:00","og_image":[{"width":200,"height":200,"url":"https:\/\/tartufidamar.rs\/wp-content\/uploads\/2022\/05\/LOGO-YOAST.jpg","type":"image\/jpeg"}],"twitter_card":"summary_large_image","twitter_image":"https:\/\/tartufidamar.rs\/wp-content\/uploads\/2022\/05\/LOGO-YOAST.jpg","twitter_misc":{"Estimated reading time":"1 minute"},"schema":{"@context":"https:\/\/schema.org","@graph":[{"@type":"WebPage","@id":"https:\/\/tartufidamar.rs\/praline-sa-tartufima\/","url":"https:\/\/tartufidamar.rs\/praline-sa-tartufima\/","name":"Praline sa tartufima - Tri razli\u010dita ukusa, elegantno pakovanje","isPartOf":{"@id":"https:\/\/tartufidamar.rs\/#website"},"primaryImageOfPage":{"@id":"https:\/\/tartufidamar.rs\/praline-sa-tartufima\/#primaryimage"},"image":{"@id":"https:\/\/tartufidamar.rs\/praline-sa-tartufima\/#primaryimage"},"thumbnailUrl":"https:\/\/tartufidamar.rs\/wp-content\/uploads\/2021\/11\/Praline-sa-tartufima.webp","datePublished":"2021-11-30T15:20:00+00:00","dateModified":"2024-11-29T13:58:33+00:00","description":"Praline sa tartufima - Tri razli\u010dita ukusa, elegantno pakovanje . Savr\u0161enstvo i bogatstvo ukusa .","breadcrumb":{"@id":"https:\/\/tartufidamar.rs\/praline-sa-tartufima\/#breadcrumb"},"inLanguage":"en-GB","potentialAction":[{"@type":"ReadAction","target":["https:\/\/tartufidamar.rs\/praline-sa-tartufima\/"]}]},{"@type":"ImageObject","inLanguage":"en-GB","@id":"https:\/\/tartufidamar.rs\/praline-sa-tartufima\/#primaryimage","url":"https:\/\/tartufidamar.rs\/wp-content\/uploads\/2021\/11\/Praline-sa-tartufima.webp","contentUrl":"https:\/\/tartufidamar.rs\/wp-content\/uploads\/2021\/11\/Praline-sa-tartufima.webp","width":900,"height":900},{"@type":"BreadcrumbList","@id":"https:\/\/tartufidamar.rs\/praline-sa-tartufima\/#breadcrumb","itemListElement":[{"@type":"ListItem","position":1,"name":"Po\u010detna","item":"https:\/\/tartufidamar.rs\/"},{"@type":"ListItem","position":2,"name":"\u041f\u0440\u043e\u0434\u0430\u0432\u043d\u0438\u0446\u0430","item":"https:\/\/tartufidamar.rs\/prodavnica\/"},{"@type":"ListItem","position":3,"name":"Praline sa tartufima"}]},{"@type":"WebSite","@id":"https:\/\/tartufidamar.rs\/#website","url":"https:\/\/tartufidamar.rs\/","name":"Damar Tartufi","description":"Damar Truffles","potentialAction":[{"@type":"SearchAction","target":{"@type":"EntryPoint","urlTemplate":"https:\/\/tartufidamar.rs\/?s={search_term_string}"},"query-input":{"@type":"PropertyValueSpecification","valueRequired":true,"valueName":"search_term_string"}}],"inLanguage":"en-GB"}]}},"_links":{"self":[{"href":"https:\/\/tartufidamar.rs\/en\/wp-json\/wp\/v2\/product\/4093","targetHints":{"allow":["GET"]}}],"collection":[{"href":"https:\/\/tartufidamar.rs\/en\/wp-json\/wp\/v2\/product"}],"about":[{"href":"https:\/\/tartufidamar.rs\/en\/wp-json\/wp\/v2\/types\/product"}],"wp:featuredmedia":[{"embeddable":true,"href":"https:\/\/tartufidamar.rs\/en\/wp-json\/wp\/v2\/media\/4494"}],"wp:attachment":[{"href":"https:\/\/tartufidamar.rs\/en\/wp-json\/wp\/v2\/media?parent=4093"}],"wp:term":[{"taxonomy":"product_cat","embeddable":true,"href":"https:\/\/tartufidamar.rs\/en\/wp-json\/wp\/v2\/product_cat?post=4093"},{"taxonomy":"product_tag","embeddable":true,"href":"https:\/\/tartufidamar.rs\/en\/wp-json\/wp\/v2\/product_tag?post=4093"}],"curies":[{"name":"wp","href":"https:\/\/api.w.org\/{rel}","templated":true}]}}