{"id":4045,"date":"2021-11-30T15:55:32","date_gmt":"2021-11-30T14:55:32","guid":{"rendered":"https:\/\/tartufidamar.rs\/?post_type=product&#038;p=4045"},"modified":"2024-11-29T14:56:55","modified_gmt":"2024-11-29T13:56:55","slug":"cokolada-sa-tartufima","status":"publish","type":"product","link":"https:\/\/tartufidamar.rs\/en\/cokolada-sa-tartufima\/","title":{"rendered":"Chocolate with truffles"},"content":{"rendered":"","protected":false},"excerpt":{"rendered":"<h4><strong>White chocolate with black truffle<\/strong><\/h4>\n<p><strong>Ingredients:<\/strong> Sugar, cocoa butter, whole milk powder, dried black truffles ( tuber\naestivum ) 1%, emulsifier soya lecithin, flavourings. White chocolate contain: Cocoa\nsolids: 28%min. The products may contain traces of nuts.<br \/>\n<strong>Keep in dark and dry place at 15-20\u00b0C.<\/strong><\/p>\n<h4>Milk chocolate with black truffle<\/h4>\n<p><strong>Ingredients:<\/strong> Sugar, cocoa butter, whole milk powder, cocoa mass, dried black truffles\n( tuber aestivum ) 1%, emulsifier soya lecithin, flavourings. Milk chocolate contains:\nCocoa solids: 33%min. The products may contain traces of nuts.<br \/>\n<strong>Keep in dark and dry place at 15-20\u00b0C.<\/strong><\/p>\n<h4>Dark chocolate with black truffle<\/h4>\n<p><strong>Ingredients:<\/strong> Cocoa mass, sugar, cocoa butter, dried black truffles ( tuber aestivum )\n1%, emulsifier soya lecithin, flavourings. Dark chocolate contains: Cocoa solids:\n70%min. The products may contain traces of milk and nuts.<br \/>\nThe products may contain traces of milk and nuts.<br \/>\n<strong>Keep in dark and dry place at 15-20\u00b0C.<\/strong><\/p>","protected":false},"featured_media":4475,"template":"","meta":[],"product_cat":[37],"product_tag":[],"class_list":{"0":"post-4045","1":"product","2":"type-product","3":"status-publish","4":"has-post-thumbnail","6":"product_cat-damar-tartufi","8":"first","9":"instock","10":"shipping-taxable","11":"purchasable","12":"product-type-variable"},"yoast_head":"<!-- This site is optimized with the Yoast SEO plugin v23.9 - https:\/\/yoast.com\/wordpress\/plugins\/seo\/ -->\n<title>\u010cokolada sa tartufima - Bela - Mle\u010dna - Tamna<\/title>\n<meta name=\"description\" content=\"Bela \u010dokolada sa crnim tartufima - Mle\u010dna \u010dokolada sa crnim tartufima - Tamna \u010dokolada sa crnim tartufima .\" \/>\n<meta name=\"robots\" content=\"index, follow, max-snippet:-1, max-image-preview:large, max-video-preview:-1\" \/>\n<link rel=\"canonical\" href=\"https:\/\/tartufidamar.rs\/en\/cokolada-sa-tartufima\/\" \/>\n<meta property=\"og:locale\" content=\"en_GB\" \/>\n<meta property=\"og:type\" content=\"article\" \/>\n<meta property=\"og:title\" content=\"\u010cokolada sa tartufima - Bela - Mle\u010dna - Tamna\" \/>\n<meta property=\"og:description\" content=\"Bela \u010dokolada sa crnim tartufima - Mle\u010dna \u010dokolada sa crnim tartufima - Tamna \u010dokolada sa crnim tartufima .\" \/>\n<meta property=\"og:url\" content=\"https:\/\/tartufidamar.rs\/en\/cokolada-sa-tartufima\/\" \/>\n<meta property=\"og:site_name\" content=\"Damar Tartufi\" \/>\n<meta property=\"article:modified_time\" content=\"2024-11-29T13:56:55+00:00\" \/>\n<meta property=\"og:image\" content=\"https:\/\/tartufidamar.rs\/wp-content\/uploads\/2022\/05\/LOGO-YOAST.jpg\" \/>\n\t<meta property=\"og:image:width\" content=\"200\" \/>\n\t<meta property=\"og:image:height\" content=\"200\" \/>\n\t<meta property=\"og:image:type\" content=\"image\/jpeg\" \/>\n<meta name=\"twitter:card\" content=\"summary_large_image\" \/>\n<meta name=\"twitter:image\" content=\"https:\/\/tartufidamar.rs\/wp-content\/uploads\/2022\/05\/LOGO-YOAST.jpg\" \/>\n<script type=\"application\/ld+json\" class=\"yoast-schema-graph\">{\"@context\":\"https:\/\/schema.org\",\"@graph\":[{\"@type\":\"WebPage\",\"@id\":\"https:\/\/tartufidamar.rs\/cokolada-sa-tartufima\/\",\"url\":\"https:\/\/tartufidamar.rs\/cokolada-sa-tartufima\/\",\"name\":\"\u010cokolada sa tartufima - Bela - Mle\u010dna - Tamna\",\"isPartOf\":{\"@id\":\"https:\/\/tartufidamar.rs\/#website\"},\"primaryImageOfPage\":{\"@id\":\"https:\/\/tartufidamar.rs\/cokolada-sa-tartufima\/#primaryimage\"},\"image\":{\"@id\":\"https:\/\/tartufidamar.rs\/cokolada-sa-tartufima\/#primaryimage\"},\"thumbnailUrl\":\"https:\/\/tartufidamar.rs\/wp-content\/uploads\/2021\/11\/Cokolada-sa-tartufima-1.webp\",\"datePublished\":\"2021-11-30T14:55:32+00:00\",\"dateModified\":\"2024-11-29T13:56:55+00:00\",\"description\":\"Bela \u010dokolada sa crnim tartufima - Mle\u010dna \u010dokolada sa crnim tartufima - Tamna \u010dokolada sa crnim tartufima .\",\"breadcrumb\":{\"@id\":\"https:\/\/tartufidamar.rs\/cokolada-sa-tartufima\/#breadcrumb\"},\"inLanguage\":\"en-GB\",\"potentialAction\":[{\"@type\":\"ReadAction\",\"target\":[\"https:\/\/tartufidamar.rs\/cokolada-sa-tartufima\/\"]}]},{\"@type\":\"ImageObject\",\"inLanguage\":\"en-GB\",\"@id\":\"https:\/\/tartufidamar.rs\/cokolada-sa-tartufima\/#primaryimage\",\"url\":\"https:\/\/tartufidamar.rs\/wp-content\/uploads\/2021\/11\/Cokolada-sa-tartufima-1.webp\",\"contentUrl\":\"https:\/\/tartufidamar.rs\/wp-content\/uploads\/2021\/11\/Cokolada-sa-tartufima-1.webp\",\"width\":900,\"height\":900},{\"@type\":\"BreadcrumbList\",\"@id\":\"https:\/\/tartufidamar.rs\/cokolada-sa-tartufima\/#breadcrumb\",\"itemListElement\":[{\"@type\":\"ListItem\",\"position\":1,\"name\":\"Po\u010detna\",\"item\":\"https:\/\/tartufidamar.rs\/\"},{\"@type\":\"ListItem\",\"position\":2,\"name\":\"\u041f\u0440\u043e\u0434\u0430\u0432\u043d\u0438\u0446\u0430\",\"item\":\"https:\/\/tartufidamar.rs\/prodavnica\/\"},{\"@type\":\"ListItem\",\"position\":3,\"name\":\"\u010cokolada sa tartufima\"}]},{\"@type\":\"WebSite\",\"@id\":\"https:\/\/tartufidamar.rs\/#website\",\"url\":\"https:\/\/tartufidamar.rs\/\",\"name\":\"Damar Tartufi\",\"description\":\"Damar Truffles\",\"potentialAction\":[{\"@type\":\"SearchAction\",\"target\":{\"@type\":\"EntryPoint\",\"urlTemplate\":\"https:\/\/tartufidamar.rs\/?s={search_term_string}\"},\"query-input\":{\"@type\":\"PropertyValueSpecification\",\"valueRequired\":true,\"valueName\":\"search_term_string\"}}],\"inLanguage\":\"en-GB\"}]}<\/script>\n<!-- \/ Yoast SEO plugin. -->","yoast_head_json":{"title":"\u010cokolada sa tartufima - Bela - Mle\u010dna - Tamna","description":"Bela \u010dokolada sa crnim tartufima - Mle\u010dna \u010dokolada sa crnim tartufima - Tamna \u010dokolada sa crnim tartufima .","robots":{"index":"index","follow":"follow","max-snippet":"max-snippet:-1","max-image-preview":"max-image-preview:large","max-video-preview":"max-video-preview:-1"},"canonical":"https:\/\/tartufidamar.rs\/en\/cokolada-sa-tartufima\/","og_locale":"en_GB","og_type":"article","og_title":"\u010cokolada sa tartufima - Bela - Mle\u010dna - Tamna","og_description":"Bela \u010dokolada sa crnim tartufima - Mle\u010dna \u010dokolada sa crnim tartufima - Tamna \u010dokolada sa crnim tartufima .","og_url":"https:\/\/tartufidamar.rs\/en\/cokolada-sa-tartufima\/","og_site_name":"Damar Tartufi","article_modified_time":"2024-11-29T13:56:55+00:00","og_image":[{"width":200,"height":200,"url":"https:\/\/tartufidamar.rs\/wp-content\/uploads\/2022\/05\/LOGO-YOAST.jpg","type":"image\/jpeg"}],"twitter_card":"summary_large_image","twitter_image":"https:\/\/tartufidamar.rs\/wp-content\/uploads\/2022\/05\/LOGO-YOAST.jpg","schema":{"@context":"https:\/\/schema.org","@graph":[{"@type":"WebPage","@id":"https:\/\/tartufidamar.rs\/cokolada-sa-tartufima\/","url":"https:\/\/tartufidamar.rs\/cokolada-sa-tartufima\/","name":"\u010cokolada sa tartufima - Bela - Mle\u010dna - Tamna","isPartOf":{"@id":"https:\/\/tartufidamar.rs\/#website"},"primaryImageOfPage":{"@id":"https:\/\/tartufidamar.rs\/cokolada-sa-tartufima\/#primaryimage"},"image":{"@id":"https:\/\/tartufidamar.rs\/cokolada-sa-tartufima\/#primaryimage"},"thumbnailUrl":"https:\/\/tartufidamar.rs\/wp-content\/uploads\/2021\/11\/Cokolada-sa-tartufima-1.webp","datePublished":"2021-11-30T14:55:32+00:00","dateModified":"2024-11-29T13:56:55+00:00","description":"Bela \u010dokolada sa crnim tartufima - Mle\u010dna \u010dokolada sa crnim tartufima - Tamna \u010dokolada sa crnim tartufima .","breadcrumb":{"@id":"https:\/\/tartufidamar.rs\/cokolada-sa-tartufima\/#breadcrumb"},"inLanguage":"en-GB","potentialAction":[{"@type":"ReadAction","target":["https:\/\/tartufidamar.rs\/cokolada-sa-tartufima\/"]}]},{"@type":"ImageObject","inLanguage":"en-GB","@id":"https:\/\/tartufidamar.rs\/cokolada-sa-tartufima\/#primaryimage","url":"https:\/\/tartufidamar.rs\/wp-content\/uploads\/2021\/11\/Cokolada-sa-tartufima-1.webp","contentUrl":"https:\/\/tartufidamar.rs\/wp-content\/uploads\/2021\/11\/Cokolada-sa-tartufima-1.webp","width":900,"height":900},{"@type":"BreadcrumbList","@id":"https:\/\/tartufidamar.rs\/cokolada-sa-tartufima\/#breadcrumb","itemListElement":[{"@type":"ListItem","position":1,"name":"Po\u010detna","item":"https:\/\/tartufidamar.rs\/"},{"@type":"ListItem","position":2,"name":"\u041f\u0440\u043e\u0434\u0430\u0432\u043d\u0438\u0446\u0430","item":"https:\/\/tartufidamar.rs\/prodavnica\/"},{"@type":"ListItem","position":3,"name":"\u010cokolada sa tartufima"}]},{"@type":"WebSite","@id":"https:\/\/tartufidamar.rs\/#website","url":"https:\/\/tartufidamar.rs\/","name":"Damar Tartufi","description":"Damar Truffles","potentialAction":[{"@type":"SearchAction","target":{"@type":"EntryPoint","urlTemplate":"https:\/\/tartufidamar.rs\/?s={search_term_string}"},"query-input":{"@type":"PropertyValueSpecification","valueRequired":true,"valueName":"search_term_string"}}],"inLanguage":"en-GB"}]}},"_links":{"self":[{"href":"https:\/\/tartufidamar.rs\/en\/wp-json\/wp\/v2\/product\/4045","targetHints":{"allow":["GET"]}}],"collection":[{"href":"https:\/\/tartufidamar.rs\/en\/wp-json\/wp\/v2\/product"}],"about":[{"href":"https:\/\/tartufidamar.rs\/en\/wp-json\/wp\/v2\/types\/product"}],"wp:featuredmedia":[{"embeddable":true,"href":"https:\/\/tartufidamar.rs\/en\/wp-json\/wp\/v2\/media\/4475"}],"wp:attachment":[{"href":"https:\/\/tartufidamar.rs\/en\/wp-json\/wp\/v2\/media?parent=4045"}],"wp:term":[{"taxonomy":"product_cat","embeddable":true,"href":"https:\/\/tartufidamar.rs\/en\/wp-json\/wp\/v2\/product_cat?post=4045"},{"taxonomy":"product_tag","embeddable":true,"href":"https:\/\/tartufidamar.rs\/en\/wp-json\/wp\/v2\/product_tag?post=4045"}],"curies":[{"name":"wp","href":"https:\/\/api.w.org\/{rel}","templated":true}]}}